{"id":60,"date":"2020-01-27T22:25:49","date_gmt":"2020-01-27T21:25:49","guid":{"rendered":"https:\/\/optinfo-sup.prepa-carnot.fr\/?page_id=60"},"modified":"2020-05-27T15:14:00","modified_gmt":"2020-05-27T13:14:00","slug":"tp","status":"publish","type":"page","link":"https:\/\/info.prepa-carnot.fr\/index.php\/tp\/","title":{"rendered":"TP"},"content":{"rendered":"\n<ul><li><a href=\"https:\/\/optinfo-sup.prepa-carnot.fr\/wp-content\/uploads\/2020\/01\/tp01_decouverte_caml.pdf\">TP 1 : D\u00e9couverte de CamL<\/a> (<a href=\"https:\/\/optinfo-sup.prepa-carnot.fr\/wp-content\/uploads\/2020\/02\/tp01_corrige.ml\">corrig\u00e9<\/a>)<\/li><li><a href=\"https:\/\/optinfo-sup.prepa-carnot.fr\/wp-content\/uploads\/2020\/01\/tp02_fonctions.pdf\">TP 2 : Fonctions<\/a> (<a href=\"https:\/\/optinfo-sup.prepa-carnot.fr\/wp-content\/uploads\/2020\/02\/tp02_corrige.ml\">corrig\u00e9<\/a>)<\/li><li><a href=\"https:\/\/optinfo-sup.prepa-carnot.fr\/wp-content\/uploads\/2020\/02\/tp03_recursivite.pdf\">TP 3 : R\u00e9cursivit\u00e9<\/a> (<a href=\"https:\/\/optinfo-sup.prepa-carnot.fr\/wp-content\/uploads\/2020\/02\/tp03_corrige.ml\">corrig\u00e9<\/a>)<\/li><li><a href=\"https:\/\/info.prepa-carnot.fr\/wp-content\/uploads\/2020\/02\/tp04_types_sommes.pdf\">TP 4 : Type somme<\/a> (<a href=\"https:\/\/optinfo-sup.prepa-carnot.fr\/wp-content\/uploads\/2020\/02\/tp04_corrige.ml\">corrig\u00e9<\/a>)<\/li><li><a href=\"https:\/\/info.prepa-carnot.fr\/wp-content\/uploads\/2020\/03\/tp05_listes.pdf\">TP 5 : Listes<\/a> (<a href=\"https:\/\/optinfo-sup.prepa-carnot.fr\/wp-content\/uploads\/2020\/03\/tp05_corrige.ml\">corrig\u00e9<\/a>)<\/li><li><a href=\"https:\/\/info.prepa-carnot.fr\/wp-content\/uploads\/2020\/03\/tp06_diviser_pour_regner.pdf\">TP 6 : Diviser pour r\u00e9gner<\/a> (<a href=\"https:\/\/optinfo-sup.prepa-carnot.fr\/wp-content\/uploads\/2020\/03\/tp06_corrige.ml\">corrig\u00e9<\/a>)<\/li><li><a href=\"https:\/\/info.prepa-carnot.fr\/wp-content\/uploads\/2020\/03\/tp07_arbres.pdf\">TP 7 : Arbres<\/a> (<a href=\"https:\/\/optinfo-sup.prepa-carnot.fr\/wp-content\/uploads\/2020\/03\/tp07_corrige.ml\">corrig\u00e9<\/a>)<\/li><li><a href=\"https:\/\/info.prepa-carnot.fr\/wp-content\/uploads\/2020\/04\/tp08_forets.pdf\">TP 8 : For\u00eats<\/a> (<a href=\"https:\/\/optinfo-sup.prepa-carnot.fr\/wp-content\/uploads\/2020\/04\/tp08_corrige.ml\">corrig\u00e9<\/a>)<\/li><li><a href=\"https:\/\/info.prepa-carnot.fr\/wp-content\/uploads\/2020\/05\/tp09_imperatif.pdf\">TP 9 : Imp\u00e9ratif<\/a> (<a href=\"https:\/\/optinfo-sup.prepa-carnot.fr\/wp-content\/uploads\/2020\/05\/tp09_corrige.ml\">corrig\u00e9<\/a>)<\/li><li><a href=\"https:\/\/info.prepa-carnot.fr\/wp-content\/uploads\/2020\/05\/tp10_tableaux.pdf\">TP 10 : Tableaux<\/a> (<a href=\"https:\/\/info.prepa-carnot.fr\/wp-content\/uploads\/2020\/05\/tp10_corrige.ml\">corrige<\/a>)<\/li><li><a href=\"https:\/\/info.prepa-carnot.fr\/wp-content\/uploads\/2020\/05\/tp_bonus_plus_proches_voisins.pdf\">TP bonus : impl\u00e9mentation de l&rsquo;algorithme des plus proches voisins<\/a> (<a href=\"https:\/\/info.prepa-carnot.fr\/wp-content\/uploads\/2020\/05\/tp_bonus_template.ml\">template<\/a>, <a href=\"https:\/\/info.prepa-carnot.fr\/wp-content\/uploads\/2020\/05\/tp_bonus_corrige.ml\">corrig\u00e9<\/a>)<\/li><\/ul>\n\n\n\n<p><\/p>\n","protected":false},"excerpt":{"rendered":"<p>TP 1 : D\u00e9couverte de CamL (corrig\u00e9) TP 2 : Fonctions (corrig\u00e9) TP 3 : R\u00e9cursivit\u00e9 (corrig\u00e9) TP 4 : Type somme (corrig\u00e9) TP 5 : Listes (corrig\u00e9) TP 6 : Diviser pour r\u00e9gner (corrig\u00e9) TP 7 : Arbres (corrig\u00e9) TP 8 : For\u00eats (corrig\u00e9) TP 9 : Imp\u00e9ratif (corrig\u00e9) TP 10 : Tableaux (corrige) &hellip; <a href=\"https:\/\/info.prepa-carnot.fr\/index.php\/tp\/\" class=\"more-link\">Continuer la lecture<span class=\"screen-reader-text\"> de &laquo;&nbsp;TP&nbsp;&raquo;<\/span><\/a><\/p>\n","protected":false},"author":1,"featured_media":0,"parent":0,"menu_order":0,"comment_status":"closed","ping_status":"closed","template":"","meta":[],"_links":{"self":[{"href":"https:\/\/info.prepa-carnot.fr\/index.php\/wp-json\/wp\/v2\/pages\/60"}],"collection":[{"href":"https:\/\/info.prepa-carnot.fr\/index.php\/wp-json\/wp\/v2\/pages"}],"about":[{"href":"https:\/\/info.prepa-carnot.fr\/index.php\/wp-json\/wp\/v2\/types\/page"}],"author":[{"embeddable":true,"href":"https:\/\/info.prepa-carnot.fr\/index.php\/wp-json\/wp\/v2\/users\/1"}],"replies":[{"embeddable":true,"href":"https:\/\/info.prepa-carnot.fr\/index.php\/wp-json\/wp\/v2\/comments?post=60"}],"version-history":[{"count":36,"href":"https:\/\/info.prepa-carnot.fr\/index.php\/wp-json\/wp\/v2\/pages\/60\/revisions"}],"predecessor-version":[{"id":245,"href":"https:\/\/info.prepa-carnot.fr\/index.php\/wp-json\/wp\/v2\/pages\/60\/revisions\/245"}],"wp:attachment":[{"href":"https:\/\/info.prepa-carnot.fr\/index.php\/wp-json\/wp\/v2\/media?parent=60"}],"curies":[{"name":"wp","href":"https:\/\/api.w.org\/{rel}","templated":true}]}}