{"id":42,"date":"2020-01-26T23:16:30","date_gmt":"2020-01-26T22:16:30","guid":{"rendered":"http:\/\/optinfo-sup.prepa-carnot.fr\/?page_id=42"},"modified":"2020-05-27T14:59:51","modified_gmt":"2020-05-27T12:59:51","slug":"td","status":"publish","type":"page","link":"https:\/\/info.prepa-carnot.fr\/index.php\/td\/","title":{"rendered":"TD"},"content":{"rendered":"\n<ul><li><a href=\"http:\/\/optinfo-sup.prepa-carnot.fr\/wp-content\/uploads\/2020\/01\/td01_types.pdf\">TD n\u00b01 : types<\/a> (<a href=\"https:\/\/optinfo-sup.prepa-carnot.fr\/wp-content\/uploads\/2020\/01\/td01_corrige.ml\">corrig\u00e9<\/a>)<\/li><li><a href=\"http:\/\/optinfo-sup.prepa-carnot.fr\/wp-content\/uploads\/2020\/01\/td02_fonctions.pdf\">TD n\u00b02 : fonctions<\/a> (<a href=\"https:\/\/optinfo-sup.prepa-carnot.fr\/wp-content\/uploads\/2020\/02\/td02_corrige.ml\">corrig\u00e9<\/a>)<\/li><li><a href=\"http:\/\/optinfo-sup.prepa-carnot.fr\/wp-content\/uploads\/2020\/02\/td03_recursivite.pdf\">TD n\u00b03 : r\u00e9cursivit\u00e9<\/a> (<a href=\"https:\/\/optinfo-sup.prepa-carnot.fr\/wp-content\/uploads\/2020\/02\/td03_recursivite_corrige.pdf\">corrig\u00e9<\/a>) et <a href=\"https:\/\/optinfo-sup.prepa-carnot.fr\/wp-content\/uploads\/2020\/02\/td03_recursivite_complement.pdf\">compl\u00e9ment<\/a> (<a href=\"https:\/\/optinfo-sup.prepa-carnot.fr\/wp-content\/uploads\/2020\/03\/td03_recursivite_complement_corrige.pdf\">corrig\u00e9 partiel<\/a>)<\/li><li><a href=\"http:\/\/optinfo-sup.prepa-carnot.fr\/wp-content\/uploads\/2020\/03\/td04_listes.pdf\">TD n\u00b04 : listes<\/a> (<a href=\"https:\/\/optinfo-sup.prepa-carnot.fr\/wp-content\/uploads\/2020\/03\/td04_listes.ml\">corrig\u00e9<\/a>)<\/li><li><a href=\"http:\/\/optinfo-sup.prepa-carnot.fr\/wp-content\/uploads\/2020\/03\/td05_recursivite_terminale.pdf\">TD n\u00b05 : r\u00e9cursivit\u00e9 terminale<\/a> (<a href=\"https:\/\/optinfo-sup.prepa-carnot.fr\/wp-content\/uploads\/2020\/03\/td05_corrige.ml\">corrig\u00e9<\/a>)<\/li><li><a href=\"http:\/\/optinfo-sup.prepa-carnot.fr\/wp-content\/uploads\/2020\/03\/td06_arbres.pdf\">TD n\u00b06 : arbres<\/a> (<a href=\"https:\/\/optinfo-sup.prepa-carnot.fr\/wp-content\/uploads\/2020\/04\/td06_corrige.html\">corrig\u00e9<\/a>)<\/li><li><a href=\"https:\/\/info.prepa-carnot.fr\/wp-content\/uploads\/2020\/05\/td07_imperatif.pdf\">TD n\u00b07 : imp\u00e9ratif<\/a> (<a href=\"https:\/\/info.prepa-carnot.fr\/wp-content\/uploads\/2020\/05\/td07_imperatif_exo4_corrige.pdf\">corrig\u00e9 ex 4<\/a>, <a href=\"https:\/\/info.prepa-carnot.fr\/wp-content\/uploads\/2020\/05\/td07_imperatif_exo5_corrige.pdf\">corrig\u00e9 ex 5<\/a>, <a href=\"https:\/\/info.prepa-carnot.fr\/wp-content\/uploads\/2020\/05\/td07_imperatif.ml\">corrige code<\/a>)<\/li><li><a href=\"https:\/\/info.prepa-carnot.fr\/wp-content\/uploads\/2020\/05\/td08_diviser_pour_regner.pdf\">TD n\u00b08 : diviser pour r\u00e9gner<\/a> (<a href=\"https:\/\/info.prepa-carnot.fr\/wp-content\/uploads\/2020\/05\/td08_corrige.pdf\">corrig\u00e9<\/a>)<\/li><\/ul>\n\n\n\n\n\n<p><\/p>\n","protected":false},"excerpt":{"rendered":"<p>TD n\u00b01 : types (corrig\u00e9) TD n\u00b02 : fonctions (corrig\u00e9) TD n\u00b03 : r\u00e9cursivit\u00e9 (corrig\u00e9) et compl\u00e9ment (corrig\u00e9 partiel) TD n\u00b04 : listes (corrig\u00e9) TD n\u00b05 : r\u00e9cursivit\u00e9 terminale (corrig\u00e9) TD n\u00b06 : arbres (corrig\u00e9) TD n\u00b07 : imp\u00e9ratif (corrig\u00e9 ex 4, corrig\u00e9 ex 5, corrige code) TD n\u00b08 : diviser pour r\u00e9gner (corrig\u00e9)<\/p>\n","protected":false},"author":1,"featured_media":0,"parent":0,"menu_order":0,"comment_status":"closed","ping_status":"closed","template":"","meta":[],"_links":{"self":[{"href":"https:\/\/info.prepa-carnot.fr\/index.php\/wp-json\/wp\/v2\/pages\/42"}],"collection":[{"href":"https:\/\/info.prepa-carnot.fr\/index.php\/wp-json\/wp\/v2\/pages"}],"about":[{"href":"https:\/\/info.prepa-carnot.fr\/index.php\/wp-json\/wp\/v2\/types\/page"}],"author":[{"embeddable":true,"href":"https:\/\/info.prepa-carnot.fr\/index.php\/wp-json\/wp\/v2\/users\/1"}],"replies":[{"embeddable":true,"href":"https:\/\/info.prepa-carnot.fr\/index.php\/wp-json\/wp\/v2\/comments?post=42"}],"version-history":[{"count":23,"href":"https:\/\/info.prepa-carnot.fr\/index.php\/wp-json\/wp\/v2\/pages\/42\/revisions"}],"predecessor-version":[{"id":236,"href":"https:\/\/info.prepa-carnot.fr\/index.php\/wp-json\/wp\/v2\/pages\/42\/revisions\/236"}],"wp:attachment":[{"href":"https:\/\/info.prepa-carnot.fr\/index.php\/wp-json\/wp\/v2\/media?parent=42"}],"curies":[{"name":"wp","href":"https:\/\/api.w.org\/{rel}","templated":true}]}}