{"id":37,"date":"2020-01-26T23:11:10","date_gmt":"2020-01-26T22:11:10","guid":{"rendered":"http:\/\/optinfo-sup.prepa-carnot.fr\/?page_id=37"},"modified":"2020-05-05T22:57:39","modified_gmt":"2020-05-05T20:57:39","slug":"cours","status":"publish","type":"page","link":"https:\/\/info.prepa-carnot.fr\/index.php\/cours\/","title":{"rendered":"Cours"},"content":{"rendered":"\n<ul><li>Le <a href=\"http:\/\/cache.media.enseignementsup-recherche.gouv.fr\/file\/special_3_ESR\/50\/9\/programme-option-informatique_252509.pdf\">programme officiel<\/a> de l&rsquo;option informatique<\/li><li><a href=\"http:\/\/optinfo-sup.prepa-carnot.fr\/wp-content\/uploads\/2020\/01\/01_support_a_propos_de_caml.pdf\">Un aper\u00e7u du langage Caml<\/a><\/li><li><a href=\"https:\/\/optinfo-sup.prepa-carnot.fr\/wp-content\/uploads\/2020\/02\/99_conseils_programmation_caml.pdf\">Conseils de programmation<\/a><\/li><li><a href=\"https:\/\/optinfo-sup.prepa-carnot.fr\/wp-content\/uploads\/2020\/03\/06_listes.pdf\">Les listes<\/a><\/li><li><a href=\"https:\/\/optinfo-sup.prepa-carnot.fr\/wp-content\/uploads\/2020\/03\/07_recursivite_terminale_poly.pdf\">La r\u00e9cursivit\u00e9 terminale<\/a><\/li><li><a href=\"https:\/\/optinfo-sup.prepa-carnot.fr\/wp-content\/uploads\/2020\/03\/08_arbres_poly.pdf\">Les arbres<\/a><\/li><li><a href=\"https:\/\/optinfo-sup.prepa-carnot.fr\/wp-content\/uploads\/2020\/05\/10_imperatif_print.pdf\">L&rsquo;imp\u00e9ratif<\/a><\/li><\/ul>\n\n\n\n<p><\/p>\n","protected":false},"excerpt":{"rendered":"<p>Le programme officiel de l&rsquo;option informatique Un aper\u00e7u du langage Caml Conseils de programmation Les listes La r\u00e9cursivit\u00e9 terminale Les arbres L&rsquo;imp\u00e9ratif<\/p>\n","protected":false},"author":1,"featured_media":0,"parent":0,"menu_order":0,"comment_status":"closed","ping_status":"closed","template":"","meta":[],"_links":{"self":[{"href":"https:\/\/info.prepa-carnot.fr\/index.php\/wp-json\/wp\/v2\/pages\/37"}],"collection":[{"href":"https:\/\/info.prepa-carnot.fr\/index.php\/wp-json\/wp\/v2\/pages"}],"about":[{"href":"https:\/\/info.prepa-carnot.fr\/index.php\/wp-json\/wp\/v2\/types\/page"}],"author":[{"embeddable":true,"href":"https:\/\/info.prepa-carnot.fr\/index.php\/wp-json\/wp\/v2\/users\/1"}],"replies":[{"embeddable":true,"href":"https:\/\/info.prepa-carnot.fr\/index.php\/wp-json\/wp\/v2\/comments?post=37"}],"version-history":[{"count":10,"href":"https:\/\/info.prepa-carnot.fr\/index.php\/wp-json\/wp\/v2\/pages\/37\/revisions"}],"predecessor-version":[{"id":211,"href":"https:\/\/info.prepa-carnot.fr\/index.php\/wp-json\/wp\/v2\/pages\/37\/revisions\/211"}],"wp:attachment":[{"href":"https:\/\/info.prepa-carnot.fr\/index.php\/wp-json\/wp\/v2\/media?parent=37"}],"curies":[{"name":"wp","href":"https:\/\/api.w.org\/{rel}","templated":true}]}}