{"id":194,"date":"2020-04-18T15:04:36","date_gmt":"2020-04-18T13:04:36","guid":{"rendered":"https:\/\/info.prepa-carnot.fr\/?page_id=194"},"modified":"2020-05-24T14:23:03","modified_gmt":"2020-05-24T12:23:03","slug":"devoirs","status":"publish","type":"page","link":"https:\/\/info.prepa-carnot.fr\/index.php\/devoirs\/","title":{"rendered":"Devoirs"},"content":{"rendered":"\n<ul><li>DL n\u00b01 : types, fonctions, r\u00e9cursivit\u00e9 &#8211; <a href=\"https:\/\/info.prepa-carnot.fr\/wp-content\/uploads\/2020\/05\/dm1.ml\">Corrig\u00e9<\/a><\/li><li><a href=\"http:\/\/info.prepa-carnot.fr\/wp-content\/uploads\/2020\/04\/dm2.pdf\">DL n\u00b02 : complexit\u00e9, arbres<\/a> &#8211; <a href=\"https:\/\/info.prepa-carnot.fr\/wp-content\/uploads\/2020\/05\/dm2_corrige.pdf\">Corrig\u00e91<\/a> &#8211; <a href=\"https:\/\/info.prepa-carnot.fr\/wp-content\/uploads\/2020\/05\/02_DM_correction_partielle.pdf\">Corrig\u00e92<\/a> &#8211; <a href=\"https:\/\/info.prepa-carnot.fr\/wp-content\/uploads\/2020\/05\/dm2_arbres_corrige.pdf\">Corrig\u00e9 code<\/a><\/li><\/ul>\n\n\n\n<p><\/p>\n\n\n\n<ul><li>DS n\u00b01 : types, fonctions, r\u00e9cursivit\u00e9, listes &#8211; <a href=\"https:\/\/info.prepa-carnot.fr\/wp-content\/uploads\/2020\/05\/ds1_corrige_numerotation_limites.pdf\">Corrig\u00e9 partie I <\/a>&#8211; <a href=\"https:\/\/info.prepa-carnot.fr\/wp-content\/uploads\/2020\/05\/ds1_corrige_listes.pdf\">Corrig\u00e9 partie II<\/a><\/li><\/ul>\n\n\n\n<p><\/p>\n","protected":false},"excerpt":{"rendered":"<p>DL n\u00b01 : types, fonctions, r\u00e9cursivit\u00e9 &#8211; Corrig\u00e9 DL n\u00b02 : complexit\u00e9, arbres &#8211; Corrig\u00e91 &#8211; Corrig\u00e92 &#8211; Corrig\u00e9 code DS n\u00b01 : types, fonctions, r\u00e9cursivit\u00e9, listes &#8211; Corrig\u00e9 partie I &#8211; Corrig\u00e9 partie II<\/p>\n","protected":false},"author":1,"featured_media":0,"parent":0,"menu_order":0,"comment_status":"closed","ping_status":"closed","template":"","meta":[],"_links":{"self":[{"href":"https:\/\/info.prepa-carnot.fr\/index.php\/wp-json\/wp\/v2\/pages\/194"}],"collection":[{"href":"https:\/\/info.prepa-carnot.fr\/index.php\/wp-json\/wp\/v2\/pages"}],"about":[{"href":"https:\/\/info.prepa-carnot.fr\/index.php\/wp-json\/wp\/v2\/types\/page"}],"author":[{"embeddable":true,"href":"https:\/\/info.prepa-carnot.fr\/index.php\/wp-json\/wp\/v2\/users\/1"}],"replies":[{"embeddable":true,"href":"https:\/\/info.prepa-carnot.fr\/index.php\/wp-json\/wp\/v2\/comments?post=194"}],"version-history":[{"count":7,"href":"https:\/\/info.prepa-carnot.fr\/index.php\/wp-json\/wp\/v2\/pages\/194\/revisions"}],"predecessor-version":[{"id":224,"href":"https:\/\/info.prepa-carnot.fr\/index.php\/wp-json\/wp\/v2\/pages\/194\/revisions\/224"}],"wp:attachment":[{"href":"https:\/\/info.prepa-carnot.fr\/index.php\/wp-json\/wp\/v2\/media?parent=194"}],"curies":[{"name":"wp","href":"https:\/\/api.w.org\/{rel}","templated":true}]}}